{"id":812,"date":"2025-06-12T13:45:46","date_gmt":"2025-06-12T10:45:46","guid":{"rendered":"https:\/\/www.istanbulhair.com\/about-us\/"},"modified":"2025-06-27T14:33:24","modified_gmt":"2025-06-27T11:33:24","slug":"om-oss","status":"publish","type":"page","link":"https:\/\/www.istanbulhair.com\/sv\/om-oss\/","title":{"rendered":"Om oss"},"content":{"rendered":"\r\n<div class=\"lyte-wrapper\" style=\"width:853px;max-width:100%;margin:5px;\"><div class=\"lyMe hidef\" id=\"WYL_Sz5mG0qlt8U\"><div id=\"lyte_Sz5mG0qlt8U\" data-src=\"https:\/\/www.istanbulhair.com\/wp-content\/plugins\/wp-youtube-lyte\/lyteCache.php?origThumbUrl=%2F%2Fi.ytimg.com%2Fvi%2FSz5mG0qlt8U%2Fmaxresdefault.jpg\" class=\"pL\"><div class=\"tC\"><div class=\"tT\"><\/div><\/div><div class=\"play\"><\/div><div class=\"ctrl\"><div class=\"Lctrl\"><\/div><div class=\"Rctrl\"><\/div><\/div><\/div><noscript><a href=\"https:\/\/youtu.be\/Sz5mG0qlt8U\" rel=\"nofollow noopener\" target=\"_blank\"><img loading=\"lazy\" decoding=\"async\" src=\"https:\/\/www.istanbulhair.com\/wp-content\/plugins\/wp-youtube-lyte\/lyteCache.php?origThumbUrl=https%3A%2F%2Fi.ytimg.com%2Fvi%2FSz5mG0qlt8U%2F0.jpg\" alt=\"YouTube video thumbnail\" width=\"853\" height=\"460\" title=\"\"><br \/>Watch this video on YouTube<\/a><\/noscript><\/div><\/div><div class=\"lL\" style=\"max-width:100%;width:853px;margin:5px;\"><\/div><\/p>\r\n<p>&nbsp;<\/p>\r\n<h2>Om Oss \u2013 Dr. Yetkin Bayer<\/h2>\r\n<p>Inom estetisk kirurgi \u00e4r det m\u00f6jligt att uppn\u00e5 naturliga, permanenta och personliga resultat inte bara genom teknisk kunskap utan ocks\u00e5 genom ett konstn\u00e4rligt perspektiv. Dr. Yetkin Bayer har i m\u00e5nga \u00e5r erbjudit s\u00e4kra, framg\u00e5ngsrika och patientcentrerade estetiska l\u00f6sningar till tusentals patienter enligt denna princip. Han \u00e4r erk\u00e4nd som en av pionj\u00e4rerna inom h\u00e5rtransplantation och estetisk kirurgi i Turkiet och n\u00e4mns ofta b\u00e5de nationellt och internationellt f\u00f6r sina h\u00f6gkvalitativa metoder.<\/p>\r\n<h2>Vem \u00e4r Dr. Yetkin Bayer?<\/h2>\r\n<p class=\"p1\">Dr. Yetkin Bayer avslutade sin grundskole- och gymnasieutbildning i Istanbul innan han fortsatte sina studier vid Istanbuls Universitets Medicinska Fakultet, d\u00e4r han tog sin l\u00e4karexamen. Efter att ha fullgjort sin obligatoriska tj\u00e4nstg\u00f6ring i Afyon i tv\u00e5 \u00e5r, flyttade han till USA.<\/p>\r\n<p class=\"p1\">Medan han bodde i olika st\u00e4der som Austin och Philadelphia i USA, bedrev han forskning och deltog i workshops om <strong>h\u00e5rtransplantation och medicinsk estetik<\/strong>.<\/p>\r\n<p class=\"p1\">I mars 1994 deltog han i <strong>International Hair Transplant Surgery Symposium<\/strong> som h\u00f6lls i Alabama (<em>International Symposium: Hair Transplant Surgery-Mar\u201994<\/em>).<\/p>\r\n<h2><strong><img loading=\"lazy\" decoding=\"async\" class=\"alignleft wp-image-752\" src=\"https:\/\/www.yetkinbayer.com\/wp-content\/uploads\/2025\/05\/hakkimizda.png\" alt=\"\" width=\"300\" height=\"334\" title=\"\"><\/strong><\/h2>\r\n<p class=\"p1\">Under de f\u00f6ljande \u00e5ren arbetade han tillsammans med plastikkirurgen O\u011fuz Nevit Erg\u00fcn i Kalifornien med h\u00e5rtransplantationsoperationer och deltog i <strong>Global Hair Restoration Convention<\/strong> som organiserades av American Academy of Cosmetic Surgery i Century City, Kalifornien i januari 1995 (<em>American Academy of Cosmetic Surgery \u2013 Hair Restoration 1st Global Convention: Jan\u201995<\/em>) samt i olika seminarier och workshops.<\/p>\r\n<p class=\"p1\">Under sina 10 \u00e5r i USA deltog Dr. Bayer i m\u00e5nga konferenser och medicinska utbildningsseminarier inom \u00e4mnen som Mesoterapi, Karboxyterapi, Peeling, Fyllmedel, Mikrodermabrasion, Laserbehandlingar (Laser h\u00e5rborttagning, Tatueringsborttagning, Kapill\u00e4rbehandling, Hudf\u00f6ryngring och Fl\u00e4ckbehandling) f\u00f6r att f\u00f6rb\u00e4ttra sina f\u00e4rdigheter inom medicinsk estetik.<\/p>\r\n<p class=\"p1\">Efter att ha \u00e5terv\u00e4nt till Turkiet erh\u00f6ll han <strong>Certifikat f\u00f6r Medicinsk Estetisk Till\u00e4mpning<\/strong> utf\u00e4rdat av H\u00e4lsoministeriet. Han \u00e4r ocks\u00e5 en certifierad <strong>akupunkturspecialist<\/strong> godk\u00e4nd av H\u00e4lsoministeriet och \u00e4r en l\u00e4kare som kan till\u00e4mpa medveten hypnos.<\/p>\r\n<h3><strong>Utbildning:<\/strong><\/h3>\r\n<ul>\r\n<li>Istanbuls Universitets Medicinska Fakultet<\/li>\r\n<\/ul>\r\n<h3><strong>Certifieringar:<\/strong><\/h3>\r\n<ul>\r\n<li>Certifierad akupunkturspecialist av H\u00e4lsoministeriet<\/li>\r\n<\/ul>\r\n<h2>Internationell Framg\u00e5ng och Tillit<\/h2>\r\n<p>Dr. Yetkin Bayer betj\u00e4nar inte bara patienter fr\u00e5n Turkiet utan ocks\u00e5 fr\u00e5n hela v\u00e4rlden. Hans f\u00f6rm\u00e5ga att attrahera patienter fr\u00e5n Europa, Amerika och Mellan\u00f6stern kan tillskrivas hans h\u00f6ga patientn\u00f6jdhet, transparenta kommunikation och etiska tillv\u00e4gag\u00e5ngss\u00e4tt. Dr. Bayer erbjuder omfattande service till sina patienter fr\u00e5n f\u00f6rsta konsultationen till postoperativ v\u00e5rd och l\u00e5ngsiktig uppf\u00f6ljning, och att vara med dem i varje steg ses som en grundl\u00e4ggande princip. Dessutom \u00e4r Dr. Bayer en aktiv talare p\u00e5 m\u00e5nga internationella plattformar och har bidragit till den estetiska kirurgins v\u00e4rld med sina vetenskapliga artiklar. Han ses som en av Turkiets stigande stj\u00e4rnor inom medicinsk turism.<\/p>\r\n<div class=\"lyte-wrapper\" style=\"width:853px;max-width:100%;margin:5px;\"><div class=\"lyMe hidef\" id=\"WYL_RlVMxfcKF_A\"><div id=\"lyte_RlVMxfcKF_A\" data-src=\"https:\/\/www.istanbulhair.com\/wp-content\/plugins\/wp-youtube-lyte\/lyteCache.php?origThumbUrl=%2F%2Fi.ytimg.com%2Fvi%2FRlVMxfcKF_A%2Fmaxresdefault.jpg\" class=\"pL\"><div class=\"tC\"><div class=\"tT\"><\/div><\/div><div class=\"play\"><\/div><div class=\"ctrl\"><div class=\"Lctrl\"><\/div><div class=\"Rctrl\"><\/div><\/div><\/div><noscript><a href=\"https:\/\/youtu.be\/RlVMxfcKF_A\" rel=\"nofollow noopener\" target=\"_blank\"><img loading=\"lazy\" decoding=\"async\" src=\"https:\/\/www.istanbulhair.com\/wp-content\/plugins\/wp-youtube-lyte\/lyteCache.php?origThumbUrl=https%3A%2F%2Fi.ytimg.com%2Fvi%2FRlVMxfcKF_A%2F0.jpg\" alt=\"YouTube video thumbnail\" width=\"853\" height=\"460\" title=\"\"><br \/>Watch this video on YouTube<\/a><\/noscript><\/div><\/div><div class=\"lL\" style=\"max-width:100%;width:853px;margin:5px;\"><\/div><\/p>\r\n<h2>Varf\u00f6r Dr. Yetkin Bayer?<\/h2>\r\n<ul>\r\n<li>32 \u00e5rs expertis inom estetisk kirurgi<\/li>\r\n<li>Personligt anpassade behandlingsplaner och naturliga resultat<\/li>\r\n<li>Internationell patientportf\u00f6lj och h\u00f6g tillfredsst\u00e4llelsegrad<\/li>\r\n<li>Avancerad teknologisk infrastruktur och hygienisk klinikmilj\u00f6<\/li>\r\n<li>Bidrag till den estetiska v\u00e4rlden med en utbildares identitet<\/li>\r\n<li>Professionell konsultation fr\u00e5n f\u00f6rsta m\u00f6tet till slutlig uppf\u00f6ljning<\/li>\r\n<\/ul>\r\n<h2>V\u00e5rt Uppdrag och V\u00e5r Vision<\/h2>\r\n<p>V\u00e5rt uppdrag \u00e4r att erbjuda den mest l\u00e4mpliga estetiska l\u00f6sningen f\u00f6r varje patient, s\u00e5 att de uppn\u00e5r naturliga, h\u00e4lsosamma och tillfredsst\u00e4llande resultat. Vi erbjuder tj\u00e4nster med ett tillv\u00e4gag\u00e5ngss\u00e4tt som \u00e4r k\u00e4nsligt f\u00f6r varje individs unika behov, utan att n\u00e5gonsin kompromissa med medicinskt etiska principer. V\u00e5r vision \u00e4r att g\u00f6ra Turkiet till ett globalt varum\u00e4rke inom estetisk kirurgi och att bli en referenspunkt erk\u00e4nd \u00f6ver hela v\u00e4rlden genom banbrytande till\u00e4mpningar inom detta omr\u00e5de.<\/p>","protected":false},"excerpt":{"rendered":"<p>&nbsp; Om Oss \u2013 Dr. Yetkin Bayer Inom estetisk kirurgi \u00e4r det m\u00f6jligt att uppn\u00e5 naturliga, permanenta och personliga resultat inte bara genom teknisk kunskap utan ocks\u00e5 genom ett konstn\u00e4rligt perspektiv. Dr. Yetkin Bayer har i m\u00e5nga \u00e5r erbjudit s\u00e4kra, framg\u00e5ngsrika och patientcentrerade estetiska l\u00f6sningar till tusentals patienter enligt denna princip. Han \u00e4r erk\u00e4nd som [&hellip;]<\/p>\n","protected":false},"author":1,"featured_media":0,"parent":0,"menu_order":0,"comment_status":"closed","ping_status":"open","template":"","meta":{"footnotes":""},"class_list":["post-812","page","type-page","status-publish","hentry"],"_links":{"self":[{"href":"https:\/\/www.istanbulhair.com\/sv\/wp-json\/wp\/v2\/pages\/812","targetHints":{"allow":["GET"]}}],"collection":[{"href":"https:\/\/www.istanbulhair.com\/sv\/wp-json\/wp\/v2\/pages"}],"about":[{"href":"https:\/\/www.istanbulhair.com\/sv\/wp-json\/wp\/v2\/types\/page"}],"author":[{"embeddable":true,"href":"https:\/\/www.istanbulhair.com\/sv\/wp-json\/wp\/v2\/users\/1"}],"replies":[{"embeddable":true,"href":"https:\/\/www.istanbulhair.com\/sv\/wp-json\/wp\/v2\/comments?post=812"}],"version-history":[{"count":4,"href":"https:\/\/www.istanbulhair.com\/sv\/wp-json\/wp\/v2\/pages\/812\/revisions"}],"predecessor-version":[{"id":1055,"href":"https:\/\/www.istanbulhair.com\/sv\/wp-json\/wp\/v2\/pages\/812\/revisions\/1055"}],"wp:attachment":[{"href":"https:\/\/www.istanbulhair.com\/sv\/wp-json\/wp\/v2\/media?parent=812"}],"curies":[{"name":"wp","href":"https:\/\/api.w.org\/{rel}","templated":true}]}}