{"id":811,"date":"2025-06-12T13:45:46","date_gmt":"2025-06-12T10:45:46","guid":{"rendered":"https:\/\/www.istanbulhair.com\/about-us\/"},"modified":"2025-07-01T18:18:41","modified_gmt":"2025-07-01T15:18:41","slug":"om-oss","status":"publish","type":"page","link":"https:\/\/www.istanbulhair.com\/no\/om-oss\/","title":{"rendered":"Om oss"},"content":{"rendered":"\r\n<div class=\"lyte-wrapper\" style=\"width:853px;max-width:100%;margin:5px;\"><div class=\"lyMe hidef\" id=\"WYL_Sz5mG0qlt8U\"><div id=\"lyte_Sz5mG0qlt8U\" data-src=\"https:\/\/www.istanbulhair.com\/wp-content\/plugins\/wp-youtube-lyte\/lyteCache.php?origThumbUrl=%2F%2Fi.ytimg.com%2Fvi%2FSz5mG0qlt8U%2Fmaxresdefault.jpg\" class=\"pL\"><div class=\"tC\"><div class=\"tT\"><\/div><\/div><div class=\"play\"><\/div><div class=\"ctrl\"><div class=\"Lctrl\"><\/div><div class=\"Rctrl\"><\/div><\/div><\/div><noscript><a href=\"https:\/\/youtu.be\/Sz5mG0qlt8U\" rel=\"nofollow noopener\" target=\"_blank\"><img loading=\"lazy\" decoding=\"async\" src=\"https:\/\/www.istanbulhair.com\/wp-content\/plugins\/wp-youtube-lyte\/lyteCache.php?origThumbUrl=https%3A%2F%2Fi.ytimg.com%2Fvi%2FSz5mG0qlt8U%2F0.jpg\" alt=\"YouTube video thumbnail\" width=\"853\" height=\"460\" title=\"\"><br \/>Watch this video on YouTube<\/a><\/noscript><\/div><\/div><div class=\"lL\" style=\"max-width:100%;width:853px;margin:5px;\"><\/div><\/p>\r\n<p>&nbsp;<\/p>\r\n<h2>Om Oss \u2013 Dr. Yetkin Bayer<\/h2>\r\n<p>Innen estetisk kirurgi er det mulig \u00e5 oppn\u00e5 naturlige, varige og personlige resultater ikke bare gjennom teknisk kunnskap, men ogs\u00e5 med et kunstnerisk perspektiv. Dr. Yetkin Bayer har i mange \u00e5r gitt trygge, vellykkede og pasientsentrerte estetiske l\u00f8sninger til tusenvis av pasienter ved \u00e5 f\u00f8lge dette prinsippet. Anerkjent som en av pionerene innen h\u00e5rtransplantasjon og estetisk kirurgi i Tyrkia, blir Dr. Bayer ofte nevnt b\u00e5de nasjonalt og internasjonalt for sine h\u00f8ystandardiserte praksiser.<\/p>\r\n<h2>Hvem er Dr. Yetkin Bayer?<\/h2>\r\n<p class=\"p1\">Dr. Yetkin Bayer fullf\u00f8rte sin grunnskole, ungdomsskole og videreg\u00e5ende utdanning i Istanbul f\u00f8r han fortsatte ved Istanbul Universitetets medisinske fakultet, hvor han tok sin medisinske grad. Etter \u00e5 ha fullf\u00f8rt sin obligatoriske tjeneste i Afyon i to \u00e5r, flyttet han til USA.<\/p>\r\n<p class=\"p1\">Mens han bodde i ulike byer som Austin og Philadelphia i USA, utf\u00f8rte han forskning og deltok p\u00e5 workshops innen <strong>h\u00e5rtransplantasjon og medisinsk estetikk<\/strong>.<\/p>\r\n<p class=\"p1\">I mars 1994 deltok han p\u00e5 <strong>International Hair Transplant Surgery Symposium<\/strong> som ble holdt i Alabama (<em>International Symposium: Hair Transplant Surgery-Mar\u201994<\/em>).<\/p>\r\n<h2><strong><img loading=\"lazy\" decoding=\"async\" class=\"alignleft wp-image-752\" src=\"https:\/\/www.yetkinbayer.com\/wp-content\/uploads\/2025\/05\/hakkimizda.png\" alt=\"\" width=\"300\" height=\"334\" title=\"\"><\/strong><\/h2>\r\n<p class=\"p1\">I \u00e5rene etter samarbeidet han med plastisk kirurg O\u011fuz Nevit Erg\u00fcn i California for \u00e5 utf\u00f8re h\u00e5rtransplantasjonsoperasjoner og deltok p\u00e5 <strong>Global Hair Restoration Convention<\/strong> arrangert av American Academy of Cosmetic Surgery i Century City, California i januar 1995 (<em>American Academy of Cosmetic Surgery \u2013 Hair Restoration 1st Global Convention: Jan\u201995<\/em>) og deltok p\u00e5 ulike seminarer og workshops.<\/p>\r\n<p class=\"p1\">I l\u00f8pet av sine 10 \u00e5r i USA deltok Dr. Bayer p\u00e5 en rekke konferanser og medisinske oppl\u00e6ringsseminarer om emner som mesoterapi, karboksyterapi, kjemiske peelinger, fillere, mikrodermabrasjon, laserbehandlinger (laser h\u00e5rfjerning, tatoveringsfjerning, kapill\u00e6rbehandling, hudforyngelse og flekkbehandling) for \u00e5 forbedre sine ferdigheter innen medisinsk estetikk.<\/p>\r\n<p class=\"p1\">Etter at han returnerte til Tyrkia, fikk han <strong>Sertifikat for medisinsk estetisk anvendelse<\/strong> utstedt av Helsedepartementet. Han er ogs\u00e5 en sertifisert <strong>akupunkturspesialist<\/strong> godkjent av Helsedepartementet, og er en lege som kan anvende bevisste hypnoteknikker.<\/p>\r\n<h3><strong>Utdanning:<\/strong><\/h3>\r\n<ul>\r\n<li>Istanbul Universitetets medisinske fakultet<\/li>\r\n<\/ul>\r\n<h3><strong>Sertifikater:<\/strong><\/h3>\r\n<ul>\r\n<li>Akupunkturspesialist sertifisert av Helsedepartementet<\/li>\r\n<\/ul>\r\n<h2>Internasjonal Suksess og Tillit<\/h2>\r\n<p>Dr. Yetkin Bayer behandler ikke bare pasienter fra Tyrkia, men ogs\u00e5 fra hele verden. Hans evne til \u00e5 tiltrekke pasienter fra Europa, Amerika og Midt\u00f8sten skyldes h\u00f8y pasienttilfredshet, \u00e5pen kommunikasjon og en etisk tiln\u00e6rming. Dr. Bayer, som tilbyr omfattende tjenester fra f\u00f8rste konsultasjon til postoperativ pleie og langtidsoppf\u00f8lging, ser det som et grunnleggende prinsipp \u00e5 v\u00e6re med pasienten i hvert trinn. I tillegg er Dr. Bayer en aktiv foredragsholder p\u00e5 mange internasjonale plattformer og har bidratt til den estetiske kirurgiens verden med sine vitenskapelige artikler. Han regnes som en av Tyrkias stigende stjerner innen medisinsk turisme.<\/p>\r\n<div class=\"lyte-wrapper\" style=\"width:853px;max-width:100%;margin:5px;\"><div class=\"lyMe hidef\" id=\"WYL_RlVMxfcKF_A\"><div id=\"lyte_RlVMxfcKF_A\" data-src=\"https:\/\/www.istanbulhair.com\/wp-content\/plugins\/wp-youtube-lyte\/lyteCache.php?origThumbUrl=%2F%2Fi.ytimg.com%2Fvi%2FRlVMxfcKF_A%2Fmaxresdefault.jpg\" class=\"pL\"><div class=\"tC\"><div class=\"tT\"><\/div><\/div><div class=\"play\"><\/div><div class=\"ctrl\"><div class=\"Lctrl\"><\/div><div class=\"Rctrl\"><\/div><\/div><\/div><noscript><a href=\"https:\/\/youtu.be\/RlVMxfcKF_A\" rel=\"nofollow noopener\" target=\"_blank\"><img loading=\"lazy\" decoding=\"async\" src=\"https:\/\/www.istanbulhair.com\/wp-content\/plugins\/wp-youtube-lyte\/lyteCache.php?origThumbUrl=https%3A%2F%2Fi.ytimg.com%2Fvi%2FRlVMxfcKF_A%2F0.jpg\" alt=\"YouTube video thumbnail\" width=\"853\" height=\"460\" title=\"\"><br \/>Watch this video on YouTube<\/a><\/noscript><\/div><\/div><div class=\"lL\" style=\"max-width:100%;width:853px;margin:5px;\"><\/div><\/p>\r\n<h2>Hvorfor Dr. Yetkin Bayer?<\/h2>\r\n<ul>\r\n<li>32 \u00e5rs erfaring innen estetisk kirurgi<\/li>\r\n<li>Personlig tilpassede behandlingsplaner og naturlige resultater<\/li>\r\n<li>Internasjonal pasientportef\u00f8lje og h\u00f8y tilfredshet<\/li>\r\n<li>Avansert teknologisk infrastruktur og hygienisk klinikkmilj\u00f8<\/li>\r\n<li>Bidrag til den estetiske verden med en pedagogisk identitet<\/li>\r\n<li>Profesjonell veiledning fra f\u00f8rste m\u00f8te til siste kontroll<\/li>\r\n<\/ul>\r\n<h2>V\u00e5r Misjon og Visjon<\/h2>\r\n<p>V\u00e5r misjon er \u00e5 tilby den mest passende estetiske l\u00f8sningen for hver pasient og sikre naturlige, sunne og tilfredsstillende resultater. Vi tilbyr tjenester med en tiln\u00e6rming som er f\u00f8lsom for hver enkelt persons unike behov, uten \u00e5 g\u00e5 p\u00e5 kompromiss med medisinsk etikk. V\u00e5r visjon er \u00e5 gj\u00f8re Tyrkia til et globalt merke innen estetisk kirurgi og bli et internasjonalt anerkjent referansepunkt gjennom banebrytende praksiser innen dette feltet.<\/p>","protected":false},"excerpt":{"rendered":"<p>&nbsp; Om Oss \u2013 Dr. Yetkin Bayer Innen estetisk kirurgi er det mulig \u00e5 oppn\u00e5 naturlige, varige og personlige resultater ikke bare gjennom teknisk kunnskap, men ogs\u00e5 med et kunstnerisk perspektiv. Dr. Yetkin Bayer har i mange \u00e5r gitt trygge, vellykkede og pasientsentrerte estetiske l\u00f8sninger til tusenvis av pasienter ved \u00e5 f\u00f8lge dette prinsippet. Anerkjent [&hellip;]<\/p>\n","protected":false},"author":1,"featured_media":0,"parent":0,"menu_order":0,"comment_status":"closed","ping_status":"open","template":"","meta":{"footnotes":""},"class_list":["post-811","page","type-page","status-publish","hentry"],"_links":{"self":[{"href":"https:\/\/www.istanbulhair.com\/no\/wp-json\/wp\/v2\/pages\/811","targetHints":{"allow":["GET"]}}],"collection":[{"href":"https:\/\/www.istanbulhair.com\/no\/wp-json\/wp\/v2\/pages"}],"about":[{"href":"https:\/\/www.istanbulhair.com\/no\/wp-json\/wp\/v2\/types\/page"}],"author":[{"embeddable":true,"href":"https:\/\/www.istanbulhair.com\/no\/wp-json\/wp\/v2\/users\/1"}],"replies":[{"embeddable":true,"href":"https:\/\/www.istanbulhair.com\/no\/wp-json\/wp\/v2\/comments?post=811"}],"version-history":[{"count":6,"href":"https:\/\/www.istanbulhair.com\/no\/wp-json\/wp\/v2\/pages\/811\/revisions"}],"predecessor-version":[{"id":1385,"href":"https:\/\/www.istanbulhair.com\/no\/wp-json\/wp\/v2\/pages\/811\/revisions\/1385"}],"wp:attachment":[{"href":"https:\/\/www.istanbulhair.com\/no\/wp-json\/wp\/v2\/media?parent=811"}],"curies":[{"name":"wp","href":"https:\/\/api.w.org\/{rel}","templated":true}]}}