{"id":810,"date":"2025-06-12T13:45:46","date_gmt":"2025-06-12T10:45:46","guid":{"rendered":"https:\/\/www.istanbulhair.com\/about-us\/"},"modified":"2025-07-01T18:18:23","modified_gmt":"2025-07-01T15:18:23","slug":"om-os","status":"publish","type":"page","link":"https:\/\/www.istanbulhair.com\/da\/om-os\/","title":{"rendered":"Om os"},"content":{"rendered":"\r\n<div class=\"lyte-wrapper\" style=\"width:853px;max-width:100%;margin:5px;\"><div class=\"lyMe hidef\" id=\"WYL_Sz5mG0qlt8U\"><div id=\"lyte_Sz5mG0qlt8U\" data-src=\"https:\/\/www.istanbulhair.com\/wp-content\/plugins\/wp-youtube-lyte\/lyteCache.php?origThumbUrl=%2F%2Fi.ytimg.com%2Fvi%2FSz5mG0qlt8U%2Fmaxresdefault.jpg\" class=\"pL\"><div class=\"tC\"><div class=\"tT\"><\/div><\/div><div class=\"play\"><\/div><div class=\"ctrl\"><div class=\"Lctrl\"><\/div><div class=\"Rctrl\"><\/div><\/div><\/div><noscript><a href=\"https:\/\/youtu.be\/Sz5mG0qlt8U\" rel=\"nofollow noopener\" target=\"_blank\"><img loading=\"lazy\" decoding=\"async\" src=\"https:\/\/www.istanbulhair.com\/wp-content\/plugins\/wp-youtube-lyte\/lyteCache.php?origThumbUrl=https%3A%2F%2Fi.ytimg.com%2Fvi%2FSz5mG0qlt8U%2F0.jpg\" alt=\"YouTube video thumbnail\" width=\"853\" height=\"460\" title=\"\"><br \/>Watch this video on YouTube<\/a><\/noscript><\/div><\/div><div class=\"lL\" style=\"max-width:100%;width:853px;margin:5px;\"><\/div><\/p>\r\n<p>&nbsp;<\/p>\r\n<h2>Om Os \u2013 Dr. Yetkin Bayer<\/h2>\r\n<p>Inden for \u00e6stetisk kirurgi er det muligt at opn\u00e5 naturlige, permanente og personlige resultater ikke kun gennem teknisk viden, men ogs\u00e5 med et kunstnerisk perspektiv. Dr. Yetkin Bayer har i \u00e5revis leveret sikre, succesfulde og patientcentrerede \u00e6stetiske l\u00f8sninger til tusindvis af patienter ved at f\u00f8lge dette princip. Han er anerkendt som en af pionererne inden for h\u00e5rtransplantation og \u00e6stetisk kirurgi i Tyrkiet og n\u00e6vnes ofte b\u00e5de nationalt og internationalt for sine h\u00f8jt standardiserede praksisser.<\/p>\r\n<h2>Hvem er Dr. Yetkin Bayer?<\/h2>\r\n<p class=\"p1\">Dr. Yetkin Bayer afsluttede sin grundskole, mellemskole og gymnasieuddannelse i Istanbul, f\u00f8r han fortsatte sine studier p\u00e5 Istanbul Universitets Medicinske Fakultet, hvor han opn\u00e5ede sin l\u00e6geuddannelse. Efter at have udf\u00f8rt sin obligatoriske tjeneste i Afyon i to \u00e5r, flyttede han til USA.<\/p>\r\n<p class=\"p1\">Mens han boede i forskellige byer som Austin og Philadelphia i USA, udf\u00f8rte han forskning og deltog i workshops om <strong>h\u00e5rtransplantation og medicinsk \u00e6stetik<\/strong>.<\/p>\r\n<p class=\"p1\">I marts 1994 deltog han i <strong>International Hair Transplant Surgery Symposium<\/strong>, der blev afholdt i Alabama (<em>International Symposium: Hair Transplant Surgery &#8211; Mar\u201994<\/em>).<\/p>\r\n<h2><strong><img loading=\"lazy\" decoding=\"async\" class=\"alignleft wp-image-752\" src=\"https:\/\/www.yetkinbayer.com\/wp-content\/uploads\/2025\/05\/hakkimizda.png\" alt=\"\" width=\"300\" height=\"334\" title=\"\"><\/strong><\/h2>\r\n<p class=\"p1\">I de f\u00f8lgende \u00e5r arbejdede han sammen med plastikkirurgen O\u011fuz Nevit Erg\u00fcn i Californien for at udf\u00f8re h\u00e5rtransplantationer og deltog i <strong>Global Hair Restoration Convention<\/strong>, arrangeret af American Academy of Cosmetic Surgery i Century City, Californien i januar 1995 (<em>American Academy of Cosmetic Surgery \u2013 Hair Restoration 1st Global Convention: Jan\u201995<\/em>) samt deltog i forskellige seminarer og workshops.<\/p>\r\n<p class=\"p1\">I l\u00f8bet af sine 10 \u00e5r i USA deltog Dr. Bayer i adskillige konferencer og medicinske tr\u00e6ningsseminarer om emner som Mesoterapi, Carboxyterapi, Peelings, Fillers, Mikrodermabrasion, Laserbehandlinger (Laser H\u00e5rfjerning, Fjernelse af Tatoveringer, Kapillarbehandling, Hudforyngelse og Pletbehandling) for at forbedre sine f\u00e6rdigheder inden for medicinsk \u00e6stetik.<\/p>\r\n<p class=\"p1\">Efter at v\u00e6re vendt tilbage til Tyrkiet opn\u00e5ede han <strong>Certifikat for Medicinsk \u00c6stetisk Anvendelse<\/strong> udstedt af Sundhedsministeriet. Han er ogs\u00e5 en certificeret <strong>akupunkturspecialist<\/strong> godkendt af Sundhedsministeriet og er en l\u00e6ge, der kan anvende bevidste hypnoseteknikker.<\/p>\r\n<h3><strong>Uddannelse:<\/strong><\/h3>\r\n<ul>\r\n<li>Istanbul Universitets Medicinske Fakultet<\/li>\r\n<\/ul>\r\n<h3><strong>Certificeringer:<\/strong><\/h3>\r\n<ul>\r\n<li>Certificeret akupunkturspecialist godkendt af Sundhedsministeriet<\/li>\r\n<\/ul>\r\n<h2>International Succes og Tillid<\/h2>\r\n<p>Dr. Yetkin Bayer betjener ikke kun patienter fra Tyrkiet, men ogs\u00e5 fra hele verden. Hans evne til at tiltr\u00e6kke patienter fra Europa, Amerika og Mellem\u00f8sten kan tilskrives hans h\u00f8je patienttilfredshed, gennemsigtige kommunikation og etiske tilgang. Dr. Bayer, der yder en omfattende service til sine patienter fra den f\u00f8rste konsultation til postoperativ pleje og langtidsopf\u00f8lgning, betragter det som et grundl\u00e6ggende princip at v\u00e6re til stede i alle faser. Derudover er Dr. Bayer en aktiv taler p\u00e5 mange internationale platforme og har bidraget til den \u00e6stetiske kirurgiverden med sine videnskabelige artikler. Han betragtes som en af Tyrkiets stigende stjerner inden for medicinsk turisme.<\/p>\r\n<div class=\"lyte-wrapper\" style=\"width:853px;max-width:100%;margin:5px;\"><div class=\"lyMe hidef\" id=\"WYL_RlVMxfcKF_A\"><div id=\"lyte_RlVMxfcKF_A\" data-src=\"https:\/\/www.istanbulhair.com\/wp-content\/plugins\/wp-youtube-lyte\/lyteCache.php?origThumbUrl=%2F%2Fi.ytimg.com%2Fvi%2FRlVMxfcKF_A%2Fmaxresdefault.jpg\" class=\"pL\"><div class=\"tC\"><div class=\"tT\"><\/div><\/div><div class=\"play\"><\/div><div class=\"ctrl\"><div class=\"Lctrl\"><\/div><div class=\"Rctrl\"><\/div><\/div><\/div><noscript><a href=\"https:\/\/youtu.be\/RlVMxfcKF_A\" rel=\"nofollow noopener\" target=\"_blank\"><img loading=\"lazy\" decoding=\"async\" src=\"https:\/\/www.istanbulhair.com\/wp-content\/plugins\/wp-youtube-lyte\/lyteCache.php?origThumbUrl=https%3A%2F%2Fi.ytimg.com%2Fvi%2FRlVMxfcKF_A%2F0.jpg\" alt=\"YouTube video thumbnail\" width=\"853\" height=\"460\" title=\"\"><br \/>Watch this video on YouTube<\/a><\/noscript><\/div><\/div><div class=\"lL\" style=\"max-width:100%;width:853px;margin:5px;\"><\/div><\/p>\r\n<h2>Hvorfor Dr. Yetkin Bayer?<\/h2>\r\n<ul>\r\n<li>32 \u00e5rs ekspertise inden for \u00e6stetisk kirurgi<\/li>\r\n<li>Personligt tilpassede behandlingsplaner og naturligt udseende resultater<\/li>\r\n<li>International patientportef\u00f8lje og h\u00f8j tilfredshed<\/li>\r\n<li>Avanceret teknologisk infrastruktur og hygiejnisk klinikmilj\u00f8<\/li>\r\n<li>Bidrag til \u00e6stetikverdenen med en undervisers identitet<\/li>\r\n<li>Professionel r\u00e5dgivning fra f\u00f8rste m\u00f8de til sidste opf\u00f8lgning<\/li>\r\n<\/ul>\r\n<h2>Vores Mission og Vision<\/h2>\r\n<p>Vores mission er at tilbyde den mest passende \u00e6stetiske l\u00f8sning til hver patient og sikre, at de opn\u00e5r naturlige, sunde og tilfredsstillende resultater. Vi yder service med en tilgang, der er f\u00f8lsom over for den enkeltes unikke behov, uden nogensinde at g\u00e5 p\u00e5 kompromis med medicinske og etiske principper. Vores vision er at g\u00f8re Tyrkiet til et globalt brand inden for \u00e6stetisk kirurgi og blive et internationalt anerkendt referencepunkt gennem banebrydende praksis inden for dette omr\u00e5de.<\/p>\r\n","protected":false},"excerpt":{"rendered":"<p>&nbsp; Om Os \u2013 Dr. Yetkin Bayer Inden for \u00e6stetisk kirurgi er det muligt at opn\u00e5 naturlige, permanente og personlige resultater ikke kun gennem teknisk viden, men ogs\u00e5 med et kunstnerisk perspektiv. Dr. Yetkin Bayer har i \u00e5revis leveret sikre, succesfulde og patientcentrerede \u00e6stetiske l\u00f8sninger til tusindvis af patienter ved at f\u00f8lge dette princip. Han [&hellip;]<\/p>\n","protected":false},"author":1,"featured_media":0,"parent":0,"menu_order":0,"comment_status":"closed","ping_status":"open","template":"","meta":{"footnotes":""},"class_list":["post-810","page","type-page","status-publish","hentry"],"_links":{"self":[{"href":"https:\/\/www.istanbulhair.com\/da\/wp-json\/wp\/v2\/pages\/810","targetHints":{"allow":["GET"]}}],"collection":[{"href":"https:\/\/www.istanbulhair.com\/da\/wp-json\/wp\/v2\/pages"}],"about":[{"href":"https:\/\/www.istanbulhair.com\/da\/wp-json\/wp\/v2\/types\/page"}],"author":[{"embeddable":true,"href":"https:\/\/www.istanbulhair.com\/da\/wp-json\/wp\/v2\/users\/1"}],"replies":[{"embeddable":true,"href":"https:\/\/www.istanbulhair.com\/da\/wp-json\/wp\/v2\/comments?post=810"}],"version-history":[{"count":7,"href":"https:\/\/www.istanbulhair.com\/da\/wp-json\/wp\/v2\/pages\/810\/revisions"}],"predecessor-version":[{"id":1384,"href":"https:\/\/www.istanbulhair.com\/da\/wp-json\/wp\/v2\/pages\/810\/revisions\/1384"}],"wp:attachment":[{"href":"https:\/\/www.istanbulhair.com\/da\/wp-json\/wp\/v2\/media?parent=810"}],"curies":[{"name":"wp","href":"https:\/\/api.w.org\/{rel}","templated":true}]}}